{"id":2,"date":"2018-09-18T10:55:31","date_gmt":"2018-09-18T10:55:31","guid":{"rendered":"http:\/\/paredespersonalizadas.com\/?page_id=2"},"modified":"2018-12-05T21:38:10","modified_gmt":"2018-12-05T21:38:10","slug":"presupuesto","status":"publish","type":"page","link":"https:\/\/paredespersonalizadas.com\/index.php\/presupuesto\/","title":{"rendered":"Solicite Su Presupuesto Sin Compromiso"},"content":{"rendered":"<p>Los datos facilitados ser\u00e1n tratados por Paredes Personalizadas S.L. para la preparaci\u00f3n del presupuesto solicitado.<br \/>\nSus datos se tratar\u00e1n mientras sean necesarios para la finalidad indicada y solo se comunicar\u00e1n a terceros si fuera imprescindible para atender a su solicitud.<br \/>\nPuede solicitar informaci\u00f3n adicional o ejercer sus derechos de acceso, rectificaci\u00f3n, oposici\u00f3n, supresi\u00f3n, limitaci\u00f3n o portabilidad a: info@paredespersonalizadas.com<br \/>\n<iframe src=\"https:\/\/docs.google.com\/forms\/d\/e\/1FAIpQLSdLO6OiwMnbdiELqIePsRJZ3md0JNcPKq0Jj_BqvQyeR3b5Hw\/viewform?embedded=true\" width=\"900\" height=\"2767\" frameborder=\"0\" marginheight=\"0\" marginwidth=\"0\">Cargando&#8230;<\/iframe><\/p>\n","protected":false},"excerpt":{"rendered":"<p>Los datos facilitados ser\u00e1n tratados por Paredes Personalizadas S.L. para la preparaci\u00f3n del presupuesto solicitado. Sus datos se tratar\u00e1n mientras sean necesarios para la finalidad indicada y solo se comunicar\u00e1n a terceros si fuera imprescindible para atender a su solicitud. Puede solicitar informaci\u00f3n adicional o ejercer sus derechos de acceso, rectificaci\u00f3n, oposici\u00f3n, supresi\u00f3n, limitaci\u00f3n o &hellip;<\/p>\n<p class=\"read-more\"> <a class=\"\" href=\"https:\/\/paredespersonalizadas.com\/index.php\/presupuesto\/\"> <span class=\"screen-reader-text\">Solicite Su Presupuesto Sin Compromiso<\/span> Leer m\u00e1s &raquo;<\/a><\/p>\n","protected":false},"author":1,"featured_media":0,"parent":0,"menu_order":0,"comment_status":"closed","ping_status":"open","template":"","meta":{"site-sidebar-layout":"default","site-content-layout":"default","ast-global-header-display":"","ast-main-header-display":"","ast-hfb-above-header-display":"","ast-hfb-below-header-display":"","ast-hfb-mobile-header-display":"","site-post-title":"","ast-breadcrumbs-content":"","ast-featured-img":"","footer-sml-layout":"","theme-transparent-header-meta":"","adv-header-id-meta":"","stick-header-meta":"","header-above-stick-meta":"","header-main-stick-meta":"","header-below-stick-meta":""},"_links":{"self":[{"href":"https:\/\/paredespersonalizadas.com\/index.php\/wp-json\/wp\/v2\/pages\/2"}],"collection":[{"href":"https:\/\/paredespersonalizadas.com\/index.php\/wp-json\/wp\/v2\/pages"}],"about":[{"href":"https:\/\/paredespersonalizadas.com\/index.php\/wp-json\/wp\/v2\/types\/page"}],"author":[{"embeddable":true,"href":"https:\/\/paredespersonalizadas.com\/index.php\/wp-json\/wp\/v2\/users\/1"}],"replies":[{"embeddable":true,"href":"https:\/\/paredespersonalizadas.com\/index.php\/wp-json\/wp\/v2\/comments?post=2"}],"version-history":[{"count":22,"href":"https:\/\/paredespersonalizadas.com\/index.php\/wp-json\/wp\/v2\/pages\/2\/revisions"}],"predecessor-version":[{"id":948,"href":"https:\/\/paredespersonalizadas.com\/index.php\/wp-json\/wp\/v2\/pages\/2\/revisions\/948"}],"wp:attachment":[{"href":"https:\/\/paredespersonalizadas.com\/index.php\/wp-json\/wp\/v2\/media?parent=2"}],"curies":[{"name":"wp","href":"https:\/\/api.w.org\/{rel}","templated":true}]}}